{"id":112,"date":"2014-09-01T09:45:08","date_gmt":"2014-09-01T14:45:08","guid":{"rendered":"http:\/\/www.besixplus.com\/ws\/?page_id=112"},"modified":"2014-09-05T11:46:21","modified_gmt":"2014-09-05T16:46:21","slug":"jaary","status":"publish","type":"page","link":"https:\/\/www.besixplus.com\/?page_id=112","title":{"rendered":"Jaary"},"content":{"rendered":"<p>BESIXPLUS Jaary es una soluci\u00f3n inform\u00e1tica empresarial orientada a empresas de facturaci\u00f3n de servicios p\u00fablicos en este caso de agua potable como por ejemplo juntas de administraci\u00f3n.<\/p>\n<p>Actualmente muchas empresas de facturaci\u00f3n de servicios especialmente en a\u00e9reas alejadas de las urbes metropolitanas carecen de sistemas inform\u00e1ticos que aporten de manera significativa a lo l\u00f3gica de negocios necesarias, por consecuente limitando la administraci\u00f3n de estos centros.<\/p>\n<p>BESIXPLUS CIA. LTDA. brinda a su disposici\u00f3n un completo listado de servicios inform\u00e1ticos acompa\u00f1ado de soporte t\u00e9cnico y mantenimiento experto para sus cliente sin desestimar sus necesidades.<\/p>\n<p>BESIXPLUS Jaary es la soluci\u00f3n que necesita!!.<\/p>\n<ul>\n<li><a title=\"Jaary-completo\" href=\"http:\/\/www.besixplus.com\/?page_id=115\">Completo<\/a><\/li>\n<li><a title=\"Modular\" href=\"http:\/\/www.besixplus.com\/?page_id=117\">Modular<\/a><\/li>\n<li><a title=\"Administracion\" href=\"http:\/\/www.besixplus.com\/?page_id=119\">Administraci\u00f3n<\/a><\/li>\n<li id=\"li\"><a title=\"Costo e Inversi\u00f3n\" href=\"http:\/\/www.besixplus.com\/?page_id=122\">Costo e inversi\u00f3n<\/a><\/li>\n<li id=\"li\"><a title=\"Informaci\u00f3n Centralizada\" href=\"http:\/\/www.besixplus.com\/?page_id=124\">Informaci\u00f3n Centralizada<\/a><\/li>\n<li id=\"li\"><a title=\"Consultor\u00eda y Asesor\u00eda T\u00e9cnica\" href=\"http:\/\/www.besixplus.com\/?page_id=126\">Consultor\u00eda y Asesoramiento T\u00e9cnico<\/a><\/li>\n<\/ul>\n","protected":false},"excerpt":{"rendered":"<p>BESIXPLUS Jaary es una soluci\u00f3n inform\u00e1tica empresarial orientada a empresas de facturaci\u00f3n de servicios p\u00fablicos en este caso de agua potable como por ejemplo juntas de administraci\u00f3n. Actualmente muchas empresas de facturaci\u00f3n de servicios especialmente en a\u00e9reas alejadas de las urbes metropolitanas carecen de sistemas inform\u00e1ticos que aporten de manera&hellip; <\/p>\n","protected":false},"author":1,"featured_media":0,"parent":147,"menu_order":0,"comment_status":"closed","ping_status":"closed","template":"","meta":{"footnotes":""},"class_list":["post-112","page","type-page","status-publish","hentry"],"_links":{"self":[{"href":"https:\/\/www.besixplus.com\/index.php?rest_route=\/wp\/v2\/pages\/112","targetHints":{"allow":["GET"]}}],"collection":[{"href":"https:\/\/www.besixplus.com\/index.php?rest_route=\/wp\/v2\/pages"}],"about":[{"href":"https:\/\/www.besixplus.com\/index.php?rest_route=\/wp\/v2\/types\/page"}],"author":[{"embeddable":true,"href":"https:\/\/www.besixplus.com\/index.php?rest_route=\/wp\/v2\/users\/1"}],"replies":[{"embeddable":true,"href":"https:\/\/www.besixplus.com\/index.php?rest_route=%2Fwp%2Fv2%2Fcomments&post=112"}],"version-history":[{"count":9,"href":"https:\/\/www.besixplus.com\/index.php?rest_route=\/wp\/v2\/pages\/112\/revisions"}],"predecessor-version":[{"id":177,"href":"https:\/\/www.besixplus.com\/index.php?rest_route=\/wp\/v2\/pages\/112\/revisions\/177"}],"up":[{"embeddable":true,"href":"https:\/\/www.besixplus.com\/index.php?rest_route=\/wp\/v2\/pages\/147"}],"wp:attachment":[{"href":"https:\/\/www.besixplus.com\/index.php?rest_route=%2Fwp%2Fv2%2Fmedia&parent=112"}],"curies":[{"name":"wp","href":"https:\/\/api.w.org\/{rel}","templated":true}]}}